{"id":1103,"date":"2023-06-13T17:32:19","date_gmt":"2023-06-13T20:32:19","guid":{"rendered":"https:\/\/www.carpaidentidades.cl\/web\/?page_id=1103"},"modified":"2024-09-05T16:26:50","modified_gmt":"2024-09-05T20:26:50","slug":"noticias","status":"publish","type":"page","link":"https:\/\/www.carpaidentidades.cl\/web\/noticias\/","title":{"rendered":"Noticias"},"content":{"rendered":"\t\t<div data-elementor-type=\"wp-page\" data-elementor-id=\"1103\" class=\"elementor elementor-1103\" data-elementor-post-type=\"page\">\n\t\t\t\t<div class=\"elementor-element elementor-element-0f42ee2 e-flex e-con-boxed wpr-particle-no wpr-jarallax-no wpr-parallax-no wpr-sticky-section-no e-con e-parent\" data-id=\"0f42ee2\" data-element_type=\"container\" data-e-type=\"container\" data-settings=\"{&quot;background_background&quot;:&quot;classic&quot;}\">\n\t\t\t\t\t<div class=\"e-con-inner\">\n\t\t\t\t<div class=\"elementor-element elementor-element-1586351 elementor-widget elementor-widget-text-editor\" data-id=\"1586351\" data-element_type=\"widget\" data-e-type=\"widget\" data-widget_type=\"text-editor.default\">\n\t\t\t\t<div class=\"elementor-widget-container\">\n\t\t\t\t\t\t\t\t\t<p>Noticias<\/p>\t\t\t\t\t\t\t\t<\/div>\n\t\t\t\t<\/div>\n\t\t\t\t\t<\/div>\n\t\t\t\t<\/div>\n\t\t\t\t<section class=\"elementor-section elementor-top-section elementor-element elementor-element-a889c2e elementor-section-boxed elementor-section-height-default elementor-section-height-default wpr-particle-no wpr-jarallax-no wpr-parallax-no wpr-sticky-section-no\" data-id=\"a889c2e\" data-element_type=\"section\" data-e-type=\"section\">\n\t\t\t\t\t\t<div class=\"elementor-container elementor-column-gap-default\">\n\t\t\t\t\t<div class=\"elementor-column elementor-col-100 elementor-top-column elementor-element elementor-element-8d597ee\" data-id=\"8d597ee\" data-element_type=\"column\" data-e-type=\"column\">\n\t\t\t<div class=\"elementor-widget-wrap elementor-element-populated\">\n\t\t\t\t\t\t<div class=\"elementor-element elementor-element-0d93f32 elementor-widget elementor-widget-spacer\" data-id=\"0d93f32\" data-element_type=\"widget\" data-e-type=\"widget\" data-widget_type=\"spacer.default\">\n\t\t\t\t<div class=\"elementor-widget-container\">\n\t\t\t\t\t\t\t<div class=\"elementor-spacer\">\n\t\t\t<div class=\"elementor-spacer-inner\"><\/div>\n\t\t<\/div>\n\t\t\t\t\t\t<\/div>\n\t\t\t\t<\/div>\n\t\t\t\t\t<\/div>\n\t\t<\/div>\n\t\t\t\t\t<\/div>\n\t\t<\/section>\n\t\t<div class=\"elementor-element elementor-element-db1bc25 e-flex e-con-boxed wpr-particle-no wpr-jarallax-no wpr-parallax-no wpr-sticky-section-no e-con e-parent\" data-id=\"db1bc25\" data-element_type=\"container\" data-e-type=\"container\">\n\t\t\t\t\t<div class=\"e-con-inner\">\n\t\t\t\t<div class=\"elementor-element elementor-element-a8ab2ed elementor-grid-1 elementor-posts--thumbnail-left elementor-grid-tablet-2 elementor-grid-mobile-1 elementor-widget elementor-widget-posts\" data-id=\"a8ab2ed\" data-element_type=\"widget\" data-e-type=\"widget\" data-settings=\"{&quot;classic_columns&quot;:&quot;1&quot;,&quot;classic_row_gap&quot;:{&quot;unit&quot;:&quot;px&quot;,&quot;size&quot;:58,&quot;sizes&quot;:[]},&quot;pagination_type&quot;:&quot;numbers&quot;,&quot;classic_columns_tablet&quot;:&quot;2&quot;,&quot;classic_columns_mobile&quot;:&quot;1&quot;,&quot;classic_row_gap_tablet&quot;:{&quot;unit&quot;:&quot;px&quot;,&quot;size&quot;:&quot;&quot;,&quot;sizes&quot;:[]},&quot;classic_row_gap_mobile&quot;:{&quot;unit&quot;:&quot;px&quot;,&quot;size&quot;:&quot;&quot;,&quot;sizes&quot;:[]}}\" data-widget_type=\"posts.classic\">\n\t\t\t\t<div class=\"elementor-widget-container\">\n\t\t\t\t\t\t\t<div class=\"elementor-posts-container elementor-posts elementor-posts--skin-classic elementor-grid\" role=\"list\">\n\t\t\t\t<article class=\"elementor-post elementor-grid-item post-2813 post type-post status-publish format-standard has-post-thumbnail hentry category-noticias\" role=\"listitem\">\n\t\t\t\t<a class=\"elementor-post__thumbnail__link\" href=\"https:\/\/www.carpaidentidades.cl\/web\/2025\/10\/28\/identidades-festival-presenta-la-programacion-artistica-de-su-xi-edicion-en-antofagasta-conexiones-2025\/\" tabindex=\"-1\" >\n\t\t\t<div class=\"elementor-post__thumbnail\"><img fetchpriority=\"high\" decoding=\"async\" width=\"768\" height=\"512\" src=\"https:\/\/www.carpaidentidades.cl\/web\/wp-content\/uploads\/2025\/10\/6.-PABLO-TOMASELLO-MG_3513-768x512.jpg\" class=\"attachment-medium_large size-medium_large wp-image-2623\" alt=\"\" srcset=\"https:\/\/www.carpaidentidades.cl\/web\/wp-content\/uploads\/2025\/10\/6.-PABLO-TOMASELLO-MG_3513-768x512.jpg 768w, https:\/\/www.carpaidentidades.cl\/web\/wp-content\/uploads\/2025\/10\/6.-PABLO-TOMASELLO-MG_3513-300x200.jpg 300w, https:\/\/www.carpaidentidades.cl\/web\/wp-content\/uploads\/2025\/10\/6.-PABLO-TOMASELLO-MG_3513-1024x683.jpg 1024w, https:\/\/www.carpaidentidades.cl\/web\/wp-content\/uploads\/2025\/10\/6.-PABLO-TOMASELLO-MG_3513-1536x1024.jpg 1536w, https:\/\/www.carpaidentidades.cl\/web\/wp-content\/uploads\/2025\/10\/6.-PABLO-TOMASELLO-MG_3513-2048x1365.jpg 2048w\" sizes=\"(max-width: 768px) 100vw, 768px\" \/><\/div>\n\t\t<\/a>\n\t\t\t\t<div class=\"elementor-post__text\">\n\t\t\t\t<h3 class=\"elementor-post__title\">\n\t\t\t<a href=\"https:\/\/www.carpaidentidades.cl\/web\/2025\/10\/28\/identidades-festival-presenta-la-programacion-artistica-de-su-xi-edicion-en-antofagasta-conexiones-2025\/\" >\n\t\t\t\tIdentidades Festival presenta la programaci\u00f3n art\u00edstica de su XI edici\u00f3n en Antofagasta: Conexiones 2025\u00a0\t\t\t<\/a>\n\t\t<\/h3>\n\t\t\t\t<div class=\"elementor-post__excerpt\">\n\t\t\t<p>La&nbsp;XI edici\u00f3n de Identidades Festival Internacional de Artes Esc\u00e9nicas en el Desierto de Atacama, presentado por La Huella Teatro y Escondida | BHP, se realizar\u00e1 en&nbsp;Antofagasta&nbsp;entre el&nbsp;4 y el 9 de noviembre, bajo la l\u00ednea curatorial:&nbsp;Conexiones. La programaci\u00f3n incluye un recital de cante, toque y baile flamenco, a cargo de la compa\u00f1\u00eda espa\u00f1ola, Eduardo Guerrero. Se suma la presentaci\u00f3n de dos aplaudidas obras familiares de la compa\u00f1\u00eda nacional, La Mona Ilustre; funciones exclusivas de la compa\u00f1\u00eda antofagastina La Huella Teatro,<\/p>\n\t\t<\/div>\n\t\t\n\t\t<a class=\"elementor-post__read-more\" href=\"https:\/\/www.carpaidentidades.cl\/web\/2025\/10\/28\/identidades-festival-presenta-la-programacion-artistica-de-su-xi-edicion-en-antofagasta-conexiones-2025\/\" aria-label=\"Read more about Identidades Festival presenta la programaci\u00f3n art\u00edstica de su XI edici\u00f3n en Antofagasta: Conexiones 2025\u00a0\" tabindex=\"-1\" >\n\t\t\tContinuar Leyendo \u00bb\t\t<\/a>\n\n\t\t\t\t<\/div>\n\t\t\t\t<\/article>\n\t\t\t\t<article class=\"elementor-post elementor-grid-item post-2671 post type-post status-publish format-standard has-post-thumbnail hentry category-noticias\" role=\"listitem\">\n\t\t\t\t<a class=\"elementor-post__thumbnail__link\" href=\"https:\/\/www.carpaidentidades.cl\/web\/2025\/10\/20\/ckuritchapur-ckamaletcheke\/\" tabindex=\"-1\" >\n\t\t\t<div class=\"elementor-post__thumbnail\"><img decoding=\"async\" width=\"768\" height=\"512\" src=\"https:\/\/www.carpaidentidades.cl\/web\/wp-content\/uploads\/2025\/10\/CKURITCHAPUR-2-768x512.jpg\" class=\"attachment-medium_large size-medium_large wp-image-2672\" alt=\"\" srcset=\"https:\/\/www.carpaidentidades.cl\/web\/wp-content\/uploads\/2025\/10\/CKURITCHAPUR-2-768x512.jpg 768w, https:\/\/www.carpaidentidades.cl\/web\/wp-content\/uploads\/2025\/10\/CKURITCHAPUR-2-300x200.jpg 300w, https:\/\/www.carpaidentidades.cl\/web\/wp-content\/uploads\/2025\/10\/CKURITCHAPUR-2-1024x683.jpg 1024w, https:\/\/www.carpaidentidades.cl\/web\/wp-content\/uploads\/2025\/10\/CKURITCHAPUR-2-1536x1024.jpg 1536w, https:\/\/www.carpaidentidades.cl\/web\/wp-content\/uploads\/2025\/10\/CKURITCHAPUR-2-2048x1365.jpg 2048w\" sizes=\"(max-width: 768px) 100vw, 768px\" \/><\/div>\n\t\t<\/a>\n\t\t\t\t<div class=\"elementor-post__text\">\n\t\t\t\t<h3 class=\"elementor-post__title\">\n\t\t\t<a href=\"https:\/\/www.carpaidentidades.cl\/web\/2025\/10\/20\/ckuritchapur-ckamaletcheke\/\" >\n\t\t\t\tCkuritchapur Ckamaletcheke\t\t\t<\/a>\n\t\t<\/h3>\n\t\t\t\t<div class=\"elementor-post__excerpt\">\n\t\t\t<p>Una noche sin luna apareci\u00f3 detr\u00e1s del volc\u00e1n un gran viento que murmuraba palabras, era Ckuri, que sonaba cada vez m\u00e1s fuerte. De pronto Ckuri, el viento, se transform\u00f3 en un gran remolino, el que dej\u00f3 caer a dos animales que murmuraban palabras, eran dos Ckuritchapur, zorros del viento. Los zorros del viento ten\u00edan la misi\u00f3n de expandir la lengua ckunsa porque a los hombres y mujeres se les hab\u00eda olvidado. Los Ckuritchapur recorrieron el desierto hasta encontrarse con los<\/p>\n\t\t<\/div>\n\t\t\n\t\t<a class=\"elementor-post__read-more\" href=\"https:\/\/www.carpaidentidades.cl\/web\/2025\/10\/20\/ckuritchapur-ckamaletcheke\/\" aria-label=\"Read more about Ckuritchapur Ckamaletcheke\" tabindex=\"-1\" >\n\t\t\tContinuar Leyendo \u00bb\t\t<\/a>\n\n\t\t\t\t<\/div>\n\t\t\t\t<\/article>\n\t\t\t\t<article class=\"elementor-post elementor-grid-item post-2403 post type-post status-publish format-standard has-post-thumbnail hentry category-noticias\" role=\"listitem\">\n\t\t\t\t<a class=\"elementor-post__thumbnail__link\" href=\"https:\/\/www.carpaidentidades.cl\/web\/2024\/09\/26\/identidades-festival-celebra-10-anos-de-creacion-y-programacion-artistica-en-el-desierto-de-atacama\/\" tabindex=\"-1\" >\n\t\t\t<div class=\"elementor-post__thumbnail\"><img decoding=\"async\" width=\"768\" height=\"432\" src=\"https:\/\/www.carpaidentidades.cl\/web\/wp-content\/uploads\/2024\/09\/1-Patricio-Baez-768x432.jpg\" class=\"attachment-medium_large size-medium_large wp-image-2404\" alt=\"\" srcset=\"https:\/\/www.carpaidentidades.cl\/web\/wp-content\/uploads\/2024\/09\/1-Patricio-Baez-768x432.jpg 768w, https:\/\/www.carpaidentidades.cl\/web\/wp-content\/uploads\/2024\/09\/1-Patricio-Baez-300x169.jpg 300w, https:\/\/www.carpaidentidades.cl\/web\/wp-content\/uploads\/2024\/09\/1-Patricio-Baez-1024x576.jpg 1024w, https:\/\/www.carpaidentidades.cl\/web\/wp-content\/uploads\/2024\/09\/1-Patricio-Baez-1536x864.jpg 1536w, https:\/\/www.carpaidentidades.cl\/web\/wp-content\/uploads\/2024\/09\/1-Patricio-Baez.jpg 1600w\" sizes=\"(max-width: 768px) 100vw, 768px\" \/><\/div>\n\t\t<\/a>\n\t\t\t\t<div class=\"elementor-post__text\">\n\t\t\t\t<h3 class=\"elementor-post__title\">\n\t\t\t<a href=\"https:\/\/www.carpaidentidades.cl\/web\/2024\/09\/26\/identidades-festival-celebra-10-anos-de-creacion-y-programacion-artistica-en-el-desierto-de-atacama\/\" >\n\t\t\t\tIdentidades Festival celebra 10 a\u00f1os de creaci\u00f3n y programaci\u00f3n art\u00edstica en el Desierto de Atacama\t\t\t<\/a>\n\t\t<\/h3>\n\t\t\t\t<div class=\"elementor-post__excerpt\">\n\t\t\t<p>Del 5 al 12 de octubre Identidades Festival, celebra su d\u00e9cima edici\u00f3n en el Desierto de Atacama, con una programaci\u00f3n que incluye espect\u00e1culos de artes esc\u00e9nicas provenientes de Rapa Nui, Brasil, Per\u00fa, Antofagasta y Santiago.&nbsp;&nbsp; La curadur\u00eda 2024 del encuentro internacional de culturas del mundo, presentado por Escondida | BHP, se ha enfocado en convocar propuestas interdisciplinares que inviten a celebrar estos 10 a\u00f1os de quehacer cultural, y con ello, el crecimiento robusto de espacios creativos que promueven el intercambio<\/p>\n\t\t<\/div>\n\t\t\n\t\t<a class=\"elementor-post__read-more\" href=\"https:\/\/www.carpaidentidades.cl\/web\/2024\/09\/26\/identidades-festival-celebra-10-anos-de-creacion-y-programacion-artistica-en-el-desierto-de-atacama\/\" aria-label=\"Read more about Identidades Festival celebra 10 a\u00f1os de creaci\u00f3n y programaci\u00f3n art\u00edstica en el Desierto de Atacama\" tabindex=\"-1\" >\n\t\t\tContinuar Leyendo \u00bb\t\t<\/a>\n\n\t\t\t\t<\/div>\n\t\t\t\t<\/article>\n\t\t\t\t<article class=\"elementor-post elementor-grid-item post-1054 post type-post status-publish format-standard has-post-thumbnail hentry category-noticias\" role=\"listitem\">\n\t\t\t\t<a class=\"elementor-post__thumbnail__link\" href=\"https:\/\/www.carpaidentidades.cl\/web\/2023\/06\/13\/comienza-el-retiro-de-entradas-para-la-vii-edicion-de-identidades-festival\/\" tabindex=\"-1\" >\n\t\t\t<div class=\"elementor-post__thumbnail\"><img loading=\"lazy\" decoding=\"async\" width=\"768\" height=\"440\" src=\"https:\/\/www.carpaidentidades.cl\/web\/wp-content\/uploads\/2023\/06\/08-768x440.jpg\" class=\"attachment-medium_large size-medium_large wp-image-1055\" alt=\"\" srcset=\"https:\/\/www.carpaidentidades.cl\/web\/wp-content\/uploads\/2023\/06\/08-768x440.jpg 768w, https:\/\/www.carpaidentidades.cl\/web\/wp-content\/uploads\/2023\/06\/08-300x172.jpg 300w, https:\/\/www.carpaidentidades.cl\/web\/wp-content\/uploads\/2023\/06\/08.jpg 849w\" sizes=\"(max-width: 768px) 100vw, 768px\" \/><\/div>\n\t\t<\/a>\n\t\t\t\t<div class=\"elementor-post__text\">\n\t\t\t\t<h3 class=\"elementor-post__title\">\n\t\t\t<a href=\"https:\/\/www.carpaidentidades.cl\/web\/2023\/06\/13\/comienza-el-retiro-de-entradas-para-la-vii-edicion-de-identidades-festival\/\" >\n\t\t\t\tComienza el retiro de entradas para la VII edici\u00f3n de Identidades Festival\t\t\t<\/a>\n\t\t<\/h3>\n\t\t\t\t<div class=\"elementor-post__excerpt\">\n\t\t\t<p>El pr\u00f3ximo martes 28 de Septiembre comienza la entrega de entradas para la edici\u00f3n 2021 del festival, cada persona podr\u00e1 recibir dos entradas para cada espect\u00e1culo y deber\u00e1 presentar su pase de movilidad con su esquema completo de vacunaci\u00f3n. Todos los espect\u00e1culos se realizar\u00e1n en el anfiteatro de las Ruinas de Huanchaca (Av. Angamos 01606) y tambi\u00e9n podr\u00e1n ser disfrutados desde la web carpaidentidades.cl Lugar:&nbsp;Biblioteca Regional de Antofagasta (Jorge Washington 2623, Antofagasta) Martes 28 de Septiembre&nbsp;\u2013 10:00 a 16:00 hrs.<\/p>\n\t\t<\/div>\n\t\t\n\t\t<a class=\"elementor-post__read-more\" href=\"https:\/\/www.carpaidentidades.cl\/web\/2023\/06\/13\/comienza-el-retiro-de-entradas-para-la-vii-edicion-de-identidades-festival\/\" aria-label=\"Read more about Comienza el retiro de entradas para la VII edici\u00f3n de Identidades Festival\" tabindex=\"-1\" >\n\t\t\tContinuar Leyendo \u00bb\t\t<\/a>\n\n\t\t\t\t<\/div>\n\t\t\t\t<\/article>\n\t\t\t\t<\/div>\n\t\t\n\t\t\t\t<div class=\"e-load-more-anchor\" data-page=\"1\" data-max-page=\"2\" data-next-page=\"https:\/\/www.carpaidentidades.cl\/web\/wp-json\/wp\/v2\/pages\/1103\/page\/2\/\"><\/div>\n\t\t\t\t<nav class=\"elementor-pagination\" aria-label=\"Pagination\">\n\t\t\t<span aria-current=\"page\" class=\"page-numbers current\"><span class=\"elementor-screen-only\">Page<\/span>1<\/span>\n<a class=\"page-numbers\" href=\"https:\/\/www.carpaidentidades.cl\/web\/wp-json\/wp\/v2\/pages\/1103\/page\/2\/\"><span class=\"elementor-screen-only\">Page<\/span>2<\/a>\t\t<\/nav>\n\t\t\t\t\t\t<\/div>\n\t\t\t\t<\/div>\n\t\t\t\t\t<\/div>\n\t\t\t\t<\/div>\n\t\t\t\t<section class=\"elementor-section elementor-top-section elementor-element elementor-element-472170d elementor-section-boxed elementor-section-height-default elementor-section-height-default wpr-particle-no wpr-jarallax-no wpr-parallax-no wpr-sticky-section-no\" data-id=\"472170d\" data-element_type=\"section\" data-e-type=\"section\">\n\t\t\t\t\t\t<div class=\"elementor-container elementor-column-gap-default\">\n\t\t\t\t\t<div class=\"elementor-column elementor-col-100 elementor-top-column elementor-element elementor-element-47a64f0\" data-id=\"47a64f0\" data-element_type=\"column\" data-e-type=\"column\">\n\t\t\t<div class=\"elementor-widget-wrap elementor-element-populated\">\n\t\t\t\t\t\t<div class=\"elementor-element elementor-element-f3456e9 elementor-widget elementor-widget-spacer\" data-id=\"f3456e9\" data-element_type=\"widget\" data-e-type=\"widget\" data-widget_type=\"spacer.default\">\n\t\t\t\t<div class=\"elementor-widget-container\">\n\t\t\t\t\t\t\t<div class=\"elementor-spacer\">\n\t\t\t<div class=\"elementor-spacer-inner\"><\/div>\n\t\t<\/div>\n\t\t\t\t\t\t<\/div>\n\t\t\t\t<\/div>\n\t\t\t\t\t<\/div>\n\t\t<\/div>\n\t\t\t\t\t<\/div>\n\t\t<\/section>\n\t\t\t\t<\/div>\n\t\t","protected":false},"excerpt":{"rendered":"<p>Noticias<\/p>\n","protected":false},"author":1,"featured_media":0,"parent":0,"menu_order":0,"comment_status":"closed","ping_status":"closed","template":"elementor_canvas","meta":{"footnotes":""},"class_list":["post-1103","page","type-page","status-publish","hentry"],"_links":{"self":[{"href":"https:\/\/www.carpaidentidades.cl\/web\/wp-json\/wp\/v2\/pages\/1103","targetHints":{"allow":["GET"]}}],"collection":[{"href":"https:\/\/www.carpaidentidades.cl\/web\/wp-json\/wp\/v2\/pages"}],"about":[{"href":"https:\/\/www.carpaidentidades.cl\/web\/wp-json\/wp\/v2\/types\/page"}],"author":[{"embeddable":true,"href":"https:\/\/www.carpaidentidades.cl\/web\/wp-json\/wp\/v2\/users\/1"}],"replies":[{"embeddable":true,"href":"https:\/\/www.carpaidentidades.cl\/web\/wp-json\/wp\/v2\/comments?post=1103"}],"version-history":[{"count":25,"href":"https:\/\/www.carpaidentidades.cl\/web\/wp-json\/wp\/v2\/pages\/1103\/revisions"}],"predecessor-version":[{"id":2058,"href":"https:\/\/www.carpaidentidades.cl\/web\/wp-json\/wp\/v2\/pages\/1103\/revisions\/2058"}],"wp:attachment":[{"href":"https:\/\/www.carpaidentidades.cl\/web\/wp-json\/wp\/v2\/media?parent=1103"}],"curies":[{"name":"wp","href":"https:\/\/api.w.org\/{rel}","templated":true}]}}