{"id":1248,"date":"2023-06-14T15:36:08","date_gmt":"2023-06-14T18:36:08","guid":{"rendered":"https:\/\/www.carpaidentidades.cl\/web\/?page_id=1248"},"modified":"2024-06-17T19:11:06","modified_gmt":"2024-06-17T23:11:06","slug":"edicion2017","status":"publish","type":"page","link":"https:\/\/www.carpaidentidades.cl\/web\/edicion2017\/","title":{"rendered":"Edicion2017"},"content":{"rendered":"\t\t<div data-elementor-type=\"wp-page\" data-elementor-id=\"1248\" class=\"elementor elementor-1248\" data-elementor-post-type=\"page\">\n\t\t\t\t\t\t<section class=\"elementor-section elementor-top-section elementor-element elementor-element-f097916 elementor-section-boxed elementor-section-height-default elementor-section-height-default wpr-particle-no wpr-jarallax-no wpr-parallax-no wpr-sticky-section-no\" data-id=\"f097916\" data-element_type=\"section\" data-e-type=\"section\" data-settings=\"{&quot;background_background&quot;:&quot;classic&quot;}\">\n\t\t\t\t\t\t\t<div class=\"elementor-background-overlay\"><\/div>\n\t\t\t\t\t\t\t<div class=\"elementor-container elementor-column-gap-default\">\n\t\t\t\t\t\t<\/div>\n\t\t<\/section>\n\t\t\t\t<section class=\"elementor-section elementor-top-section elementor-element elementor-element-a889c2e elementor-section-boxed elementor-section-height-default elementor-section-height-default wpr-particle-no wpr-jarallax-no wpr-parallax-no wpr-sticky-section-no\" data-id=\"a889c2e\" data-element_type=\"section\" data-e-type=\"section\">\n\t\t\t\t\t\t<div class=\"elementor-container elementor-column-gap-default\">\n\t\t\t\t\t<div class=\"elementor-column elementor-col-100 elementor-top-column elementor-element elementor-element-8d597ee\" data-id=\"8d597ee\" data-element_type=\"column\" data-e-type=\"column\">\n\t\t\t<div class=\"elementor-widget-wrap elementor-element-populated\">\n\t\t\t\t\t\t<div class=\"elementor-element elementor-element-0d93f32 elementor-widget elementor-widget-spacer\" data-id=\"0d93f32\" data-element_type=\"widget\" data-e-type=\"widget\" data-widget_type=\"spacer.default\">\n\t\t\t\t<div class=\"elementor-widget-container\">\n\t\t\t\t\t\t\t<div class=\"elementor-spacer\">\n\t\t\t<div class=\"elementor-spacer-inner\"><\/div>\n\t\t<\/div>\n\t\t\t\t\t\t<\/div>\n\t\t\t\t<\/div>\n\t\t\t\t\t<\/div>\n\t\t<\/div>\n\t\t\t\t\t<\/div>\n\t\t<\/section>\n\t\t\t\t<section class=\"elementor-section elementor-top-section elementor-element elementor-element-6399efe elementor-section-content-middle elementor-section-boxed elementor-section-height-default elementor-section-height-default wpr-particle-no wpr-jarallax-no wpr-parallax-no wpr-sticky-section-no\" data-id=\"6399efe\" data-element_type=\"section\" data-e-type=\"section\">\n\t\t\t\t\t\t<div class=\"elementor-container elementor-column-gap-default\">\n\t\t\t\t\t<div class=\"elementor-column elementor-col-100 elementor-top-column elementor-element elementor-element-3d4f67c\" data-id=\"3d4f67c\" data-element_type=\"column\" data-e-type=\"column\">\n\t\t\t<div class=\"elementor-widget-wrap elementor-element-populated\">\n\t\t\t\t\t\t<div class=\"elementor-element elementor-element-cf0e18d elementor-arrows-position-outside elementor-pagination-position-inside elementor-widget elementor-widget-image-carousel\" data-id=\"cf0e18d\" data-element_type=\"widget\" data-e-type=\"widget\" data-settings=\"{&quot;slides_to_show&quot;:&quot;1&quot;,&quot;navigation&quot;:&quot;both&quot;,&quot;autoplay&quot;:&quot;yes&quot;,&quot;pause_on_hover&quot;:&quot;yes&quot;,&quot;pause_on_interaction&quot;:&quot;yes&quot;,&quot;autoplay_speed&quot;:5000,&quot;infinite&quot;:&quot;yes&quot;,&quot;effect&quot;:&quot;slide&quot;,&quot;speed&quot;:500}\" data-widget_type=\"image-carousel.default\">\n\t\t\t\t<div class=\"elementor-widget-container\">\n\t\t\t\t\t\t\t<div class=\"elementor-image-carousel-wrapper swiper\" role=\"region\" aria-roledescription=\"carousel\" aria-label=\"Carrusel de im\u00e1genes\" dir=\"ltr\">\n\t\t\t<div class=\"elementor-image-carousel swiper-wrapper\" aria-live=\"off\">\n\t\t\t\t\t\t\t\t<div class=\"swiper-slide\" role=\"group\" aria-roledescription=\"slide\" aria-label=\"1 de 11\"><figure class=\"swiper-slide-inner\"><img decoding=\"async\" class=\"swiper-slide-image\" src=\"https:\/\/www.carpaidentidades.cl\/web\/wp-content\/uploads\/elementor\/thumbs\/12-q7yox2oiam4y9ffi9otw7o26vbyxu2i5dq3erkrjig.jpg\" alt=\"12\" \/><\/figure><\/div><div class=\"swiper-slide\" role=\"group\" aria-roledescription=\"slide\" aria-label=\"2 de 11\"><figure class=\"swiper-slide-inner\"><img decoding=\"async\" class=\"swiper-slide-image\" src=\"https:\/\/www.carpaidentidades.cl\/web\/wp-content\/uploads\/elementor\/thumbs\/01-2-q7yox2oiam4y9ffi9otw7o26vbyxu2i5dq3erkrjig.jpg\" alt=\"01\" \/><\/figure><\/div><div class=\"swiper-slide\" role=\"group\" aria-roledescription=\"slide\" aria-label=\"3 de 11\"><figure class=\"swiper-slide-inner\"><img decoding=\"async\" class=\"swiper-slide-image\" src=\"https:\/\/www.carpaidentidades.cl\/web\/wp-content\/uploads\/elementor\/thumbs\/10-q7yox2oiam4y9ffi9otw7o26vbyxu2i5dq3erkrjig.jpg\" alt=\"10\" \/><\/figure><\/div><div class=\"swiper-slide\" role=\"group\" aria-roledescription=\"slide\" aria-label=\"4 de 11\"><figure class=\"swiper-slide-inner\"><img decoding=\"async\" class=\"swiper-slide-image\" src=\"https:\/\/www.carpaidentidades.cl\/web\/wp-content\/uploads\/elementor\/thumbs\/11-q7yox2oiam4y9ffi9otw7o26vbyxu2i5dq3erkrjig.jpg\" alt=\"11\" \/><\/figure><\/div><div class=\"swiper-slide\" role=\"group\" aria-roledescription=\"slide\" aria-label=\"5 de 11\"><figure class=\"swiper-slide-inner\"><img decoding=\"async\" class=\"swiper-slide-image\" src=\"https:\/\/www.carpaidentidades.cl\/web\/wp-content\/uploads\/elementor\/thumbs\/02-2-q7yox2oiam4y9ffi9otw7o26vbyxu2i5dq3erkrjig.jpg\" alt=\"02\" \/><\/figure><\/div><div class=\"swiper-slide\" role=\"group\" aria-roledescription=\"slide\" aria-label=\"6 de 11\"><figure class=\"swiper-slide-inner\"><img decoding=\"async\" class=\"swiper-slide-image\" src=\"https:\/\/www.carpaidentidades.cl\/web\/wp-content\/uploads\/elementor\/thumbs\/03-2-q7yox4k6oa7iwncrypn5cnl423po9gpm1zedq4or60.jpg\" alt=\"03\" \/><\/figure><\/div><div class=\"swiper-slide\" role=\"group\" aria-roledescription=\"slide\" aria-label=\"7 de 11\"><figure class=\"swiper-slide-inner\"><img decoding=\"async\" class=\"swiper-slide-image\" src=\"https:\/\/www.carpaidentidades.cl\/web\/wp-content\/uploads\/elementor\/thumbs\/04-2-q7yox4k6oa7iwncrypn5cnl423po9gpm1zedq4or60.jpg\" alt=\"04\" \/><\/figure><\/div><div class=\"swiper-slide\" role=\"group\" aria-roledescription=\"slide\" aria-label=\"8 de 11\"><figure class=\"swiper-slide-inner\"><img decoding=\"async\" class=\"swiper-slide-image\" src=\"https:\/\/www.carpaidentidades.cl\/web\/wp-content\/uploads\/elementor\/thumbs\/05-2-q7yox4k6oa7iwncrypn5cnl423po9gpm1zedq4or60.jpg\" alt=\"05\" \/><\/figure><\/div><div class=\"swiper-slide\" role=\"group\" aria-roledescription=\"slide\" aria-label=\"9 de 11\"><figure class=\"swiper-slide-inner\"><img decoding=\"async\" class=\"swiper-slide-image\" src=\"https:\/\/www.carpaidentidades.cl\/web\/wp-content\/uploads\/elementor\/thumbs\/07-2-q7yox4k6oa7iwncrypn5cnl423po9gpm1zedq4or60.jpg\" alt=\"07\" \/><\/figure><\/div><div class=\"swiper-slide\" role=\"group\" aria-roledescription=\"slide\" aria-label=\"10 de 11\"><figure class=\"swiper-slide-inner\"><img decoding=\"async\" class=\"swiper-slide-image\" src=\"https:\/\/www.carpaidentidades.cl\/web\/wp-content\/uploads\/elementor\/thumbs\/08-1-2-q7yox4k6oa7iwncrypn5cnl423po9gpm1zedq4or60.jpg\" alt=\"08 (1)\" \/><\/figure><\/div><div class=\"swiper-slide\" role=\"group\" aria-roledescription=\"slide\" aria-label=\"11 de 11\"><figure class=\"swiper-slide-inner\"><img decoding=\"async\" class=\"swiper-slide-image\" src=\"https:\/\/www.carpaidentidades.cl\/web\/wp-content\/uploads\/elementor\/thumbs\/09-2-q7yox4k6oa7iwncrypn5cnl423po9gpm1zedq4or60.jpg\" alt=\"09\" \/><\/figure><\/div>\t\t\t<\/div>\n\t\t\t\t\t\t\t\t\t\t\t\t<div class=\"elementor-swiper-button elementor-swiper-button-prev\" role=\"button\" tabindex=\"0\">\n\t\t\t\t\t\t<svg aria-hidden=\"true\" class=\"e-font-icon-svg e-eicon-chevron-left\" viewBox=\"0 0 1000 1000\" xmlns=\"http:\/\/www.w3.org\/2000\/svg\"><path d=\"M646 125C629 125 613 133 604 142L308 442C296 454 292 471 292 487 292 504 296 521 308 533L604 854C617 867 629 875 646 875 663 875 679 871 692 858 704 846 713 829 713 812 713 796 708 779 692 767L438 487 692 225C700 217 708 204 708 187 708 171 704 154 692 142 675 129 663 125 646 125Z\"><\/path><\/svg>\t\t\t\t\t<\/div>\n\t\t\t\t\t<div class=\"elementor-swiper-button elementor-swiper-button-next\" role=\"button\" tabindex=\"0\">\n\t\t\t\t\t\t<svg aria-hidden=\"true\" class=\"e-font-icon-svg e-eicon-chevron-right\" viewBox=\"0 0 1000 1000\" xmlns=\"http:\/\/www.w3.org\/2000\/svg\"><path d=\"M696 533C708 521 713 504 713 487 713 471 708 454 696 446L400 146C388 133 375 125 354 125 338 125 325 129 313 142 300 154 292 171 292 187 292 204 296 221 308 233L563 492 304 771C292 783 288 800 288 817 288 833 296 850 308 863 321 871 338 875 354 875 371 875 388 867 400 854L696 533Z\"><\/path><\/svg>\t\t\t\t\t<\/div>\n\t\t\t\t\n\t\t\t\t\t\t\t\t\t<div class=\"swiper-pagination\"><\/div>\n\t\t\t\t\t\t\t\t\t<\/div>\n\t\t\t\t\t\t<\/div>\n\t\t\t\t<\/div>\n\t\t\t\t\t<\/div>\n\t\t<\/div>\n\t\t\t\t\t<\/div>\n\t\t<\/section>\n\t\t\t\t<section class=\"elementor-section elementor-top-section elementor-element elementor-element-2267611 elementor-section-boxed elementor-section-height-default elementor-section-height-default wpr-particle-no wpr-jarallax-no wpr-parallax-no wpr-sticky-section-no\" data-id=\"2267611\" data-element_type=\"section\" data-e-type=\"section\">\n\t\t\t\t\t\t<div class=\"elementor-container elementor-column-gap-default\">\n\t\t\t\t\t<div class=\"elementor-column elementor-col-100 elementor-top-column elementor-element elementor-element-8bcd65a\" data-id=\"8bcd65a\" data-element_type=\"column\" data-e-type=\"column\">\n\t\t\t<div class=\"elementor-widget-wrap elementor-element-populated\">\n\t\t\t\t\t\t<div class=\"elementor-element elementor-element-347be96 elementor-widget elementor-widget-heading\" data-id=\"347be96\" data-element_type=\"widget\" data-e-type=\"widget\" data-widget_type=\"heading.default\">\n\t\t\t\t<div class=\"elementor-widget-container\">\n\t\t\t\t\t<h2 class=\"elementor-heading-title elementor-size-default\">Identidades Festival 2017<\/h2>\t\t\t\t<\/div>\n\t\t\t\t<\/div>\n\t\t\t\t\t<\/div>\n\t\t<\/div>\n\t\t\t\t\t<\/div>\n\t\t<\/section>\n\t\t\t\t<section class=\"elementor-section elementor-top-section elementor-element elementor-element-f5acddb elementor-section-boxed elementor-section-height-default elementor-section-height-default wpr-particle-no wpr-jarallax-no wpr-parallax-no wpr-sticky-section-no\" data-id=\"f5acddb\" data-element_type=\"section\" data-e-type=\"section\">\n\t\t\t\t\t\t<div class=\"elementor-container elementor-column-gap-default\">\n\t\t\t\t\t<div class=\"elementor-column elementor-col-100 elementor-top-column elementor-element elementor-element-0702df8\" data-id=\"0702df8\" data-element_type=\"column\" data-e-type=\"column\">\n\t\t\t<div class=\"elementor-widget-wrap elementor-element-populated\">\n\t\t\t\t\t\t<div class=\"elementor-element elementor-element-6424c3c elementor-widget elementor-widget-heading\" data-id=\"6424c3c\" data-element_type=\"widget\" data-e-type=\"widget\" data-widget_type=\"heading.default\">\n\t\t\t\t<div class=\"elementor-widget-container\">\n\t\t\t\t\t<h5 class=\"elementor-heading-title elementor-size-default\">Con obras a tablero vuelto, residencias y seminarios se realiz\u00f3 Identidades Festival 2017<\/h5>\t\t\t\t<\/div>\n\t\t\t\t<\/div>\n\t\t\t\t\t<\/div>\n\t\t<\/div>\n\t\t\t\t\t<\/div>\n\t\t<\/section>\n\t\t\t\t<section class=\"elementor-section elementor-top-section elementor-element elementor-element-7a7c4d9 elementor-section-boxed elementor-section-height-default elementor-section-height-default wpr-particle-no wpr-jarallax-no wpr-parallax-no wpr-sticky-section-no\" data-id=\"7a7c4d9\" data-element_type=\"section\" data-e-type=\"section\">\n\t\t\t\t\t\t<div class=\"elementor-container elementor-column-gap-default\">\n\t\t\t\t\t<div class=\"elementor-column elementor-col-100 elementor-top-column elementor-element elementor-element-cf4ef51\" data-id=\"cf4ef51\" data-element_type=\"column\" data-e-type=\"column\">\n\t\t\t<div class=\"elementor-widget-wrap elementor-element-populated\">\n\t\t\t\t\t\t<div class=\"elementor-element elementor-element-ddfac9b elementor-widget elementor-widget-heading\" data-id=\"ddfac9b\" data-element_type=\"widget\" data-e-type=\"widget\" data-widget_type=\"heading.default\">\n\t\t\t\t<div class=\"elementor-widget-container\">\n\t\t\t\t\t<h2 class=\"elementor-heading-title elementor-size-default\">Con el mensaje claro que en pocos d\u00edas se hayan acabado las entradas dan cuenta que el p\u00fablico iba a responder\u2026 y as\u00ed fue. Con dos obras con gran cantidad de asistentes, junto con el gran inter\u00e9s en las residencias y seminarios fueron el puntapi\u00e9 inicial de la III Edici\u00f3n del IDENTIDADES Festival Internacional de Artes Esc\u00e9nicas en el Desierto de Atacama 2017, que se desarroll\u00f3 hasta el 21 de octubre, en Antofagasta, Mejillones y San Pedro de Atacama.<br>\n\nUn encuentro que comenz\u00f3 con la participaci\u00f3n del gran actor Oscar Zimmermann, quien realiz\u00f3 sendas presentaciones tanto en Mejillones como en Antofagasta, teniendo adem\u00e1s un gran encuentro con estudiantes y profesionales ligados a las artes esc\u00e9nicas.<br><br>\n\nMientras que en la inauguraci\u00f3n, donde asistieron diversas autoridades regionales, invitados especiales de la regi\u00f3n y el pa\u00eds, adem\u00e1s de ni\u00f1os de campamentos de la capital regional, fue el turno de una de las compa\u00f1\u00edas m\u00e1s importantes de Latinoam\u00e9rica como es la agrupaci\u00f3n boliviana \u201cTeatro de los Andes\u201d, quienes presentaron una adaptaci\u00f3n de Hamlet que emocion\u00f3 a los asistentes.<br><br>\n\nPara Alejandra Rojas, Directora Art\u00edstica del Festival, \u201ceste a\u00f1o es especial ya que completamos la trilog\u00eda de los pa\u00edses vecinos. Ya que en 2015 fue Per\u00fa con Yuyachkani, en 2016 con Argentina y Timbre 4, mientras que este a\u00f1o tenemos a nuestros hermanos bolivianos del Teatro de los Andes. Nuestra idea central es que el teatro une a las culturas y nos hace mirar el mundo desde otro lugar, sin fronteras\u2026\u201d.<br><br>\n\nEn la segunda semana, fue el turno de la pianista pascuense Mahani Teave, quien tuvo una incre\u00edble actuaci\u00f3n el jueves 12 de octubre en el Gimnasio Techado de San Pedro de Atacama (20:00) y el s\u00e1bado 14 de octubre en la Carpa Teatro Identidades (21:00 horas), junto con una orquesta infantil. Adem\u00e1s participaron la compa\u00f1\u00eda Teatro Cinema, que present\u00f3 para toda la familia la obra \u201cPinocchio\u201d el viernes 13 de octubre en la Carpa Teatro Identidades (21:00 horas).<\/h2>\t\t\t\t<\/div>\n\t\t\t\t<\/div>\n\t\t\t\t\t<\/div>\n\t\t<\/div>\n\t\t\t\t\t<\/div>\n\t\t<\/section>\n\t\t\t\t<section class=\"elementor-section elementor-top-section elementor-element elementor-element-472170d elementor-section-boxed elementor-section-height-default elementor-section-height-default wpr-particle-no wpr-jarallax-no wpr-parallax-no wpr-sticky-section-no\" data-id=\"472170d\" data-element_type=\"section\" data-e-type=\"section\">\n\t\t\t\t\t\t<div class=\"elementor-container elementor-column-gap-default\">\n\t\t\t\t\t<div class=\"elementor-column elementor-col-100 elementor-top-column elementor-element elementor-element-47a64f0\" data-id=\"47a64f0\" data-element_type=\"column\" data-e-type=\"column\">\n\t\t\t<div class=\"elementor-widget-wrap elementor-element-populated\">\n\t\t\t\t\t\t<div class=\"elementor-element elementor-element-f3456e9 elementor-widget elementor-widget-spacer\" data-id=\"f3456e9\" data-element_type=\"widget\" data-e-type=\"widget\" data-widget_type=\"spacer.default\">\n\t\t\t\t<div class=\"elementor-widget-container\">\n\t\t\t\t\t\t\t<div class=\"elementor-spacer\">\n\t\t\t<div class=\"elementor-spacer-inner\"><\/div>\n\t\t<\/div>\n\t\t\t\t\t\t<\/div>\n\t\t\t\t<\/div>\n\t\t\t\t\t<\/div>\n\t\t<\/div>\n\t\t\t\t\t<\/div>\n\t\t<\/section>\n\t\t\t\t<section class=\"elementor-section elementor-top-section elementor-element elementor-element-9b370b3 elementor-section-boxed elementor-section-height-default elementor-section-height-default wpr-particle-no wpr-jarallax-no wpr-parallax-no wpr-sticky-section-no\" data-id=\"9b370b3\" data-element_type=\"section\" data-e-type=\"section\" data-settings=\"{&quot;background_background&quot;:&quot;classic&quot;}\">\n\t\t\t\t\t\t<div class=\"elementor-container elementor-column-gap-default\">\n\t\t\t\t\t<div class=\"elementor-column elementor-col-100 elementor-top-column elementor-element elementor-element-006543b\" data-id=\"006543b\" data-element_type=\"column\" data-e-type=\"column\">\n\t\t\t<div class=\"elementor-widget-wrap elementor-element-populated\">\n\t\t\t\t\t\t<div class=\"elementor-element elementor-element-c5dd663 elementor-widget elementor-widget-heading\" data-id=\"c5dd663\" data-element_type=\"widget\" data-e-type=\"widget\" data-widget_type=\"heading.default\">\n\t\t\t\t<div class=\"elementor-widget-container\">\n\t\t\t\t\t<h1 class=\"elementor-heading-title elementor-size-default\">Video Promocional<\/h1>\t\t\t\t<\/div>\n\t\t\t\t<\/div>\n\t\t\t\t<section class=\"elementor-section elementor-inner-section elementor-element elementor-element-4123207 elementor-section-boxed elementor-section-height-default elementor-section-height-default wpr-particle-no wpr-jarallax-no wpr-parallax-no wpr-sticky-section-no\" data-id=\"4123207\" data-element_type=\"section\" data-e-type=\"section\">\n\t\t\t\t\t\t<div class=\"elementor-container elementor-column-gap-default\">\n\t\t\t\t\t<div class=\"elementor-column elementor-col-50 elementor-inner-column elementor-element elementor-element-e9d8d7c\" data-id=\"e9d8d7c\" data-element_type=\"column\" data-e-type=\"column\">\n\t\t\t<div class=\"elementor-widget-wrap elementor-element-populated\">\n\t\t\t\t\t\t<div class=\"elementor-element elementor-element-2d483cf elementor-widget elementor-widget-video\" data-id=\"2d483cf\" data-element_type=\"widget\" data-e-type=\"widget\" data-settings=\"{&quot;youtube_url&quot;:&quot;https:\\\/\\\/youtu.be\\\/u4LkamDWQxw&quot;,&quot;video_type&quot;:&quot;youtube&quot;,&quot;controls&quot;:&quot;yes&quot;}\" data-widget_type=\"video.default\">\n\t\t\t\t<div class=\"elementor-widget-container\">\n\t\t\t\t\t\t\t<div class=\"elementor-wrapper elementor-open-inline\">\n\t\t\t<div class=\"elementor-video\"><\/div>\t\t<\/div>\n\t\t\t\t\t\t<\/div>\n\t\t\t\t<\/div>\n\t\t\t\t\t<\/div>\n\t\t<\/div>\n\t\t\t\t<div class=\"elementor-column elementor-col-50 elementor-inner-column elementor-element elementor-element-1198c61\" data-id=\"1198c61\" data-element_type=\"column\" data-e-type=\"column\">\n\t\t\t<div class=\"elementor-widget-wrap elementor-element-populated\">\n\t\t\t\t\t\t<div class=\"elementor-element elementor-element-310dc9c elementor-widget elementor-widget-video\" data-id=\"310dc9c\" data-element_type=\"widget\" data-e-type=\"widget\" data-settings=\"{&quot;video_type&quot;:&quot;vimeo&quot;}\" data-widget_type=\"video.default\">\n\t\t\t\t<div class=\"elementor-widget-container\">\n\t\t\t\t\t\t\t<div class=\"elementor-wrapper elementor-open-inline\">\n\t\t\t<iframe class=\"elementor-video-iframe\" allowfullscreen allow=\"clipboard-write\" title=\"Reproductor de v\u00eddeo vimeo\" src=\"https:\/\/player.vimeo.com\/video\/228914021?color&amp;autopause=0&amp;loop=0&amp;muted=0&amp;title=1&amp;portrait=1&amp;byline=1#t=\"><\/iframe>\t\t<\/div>\n\t\t\t\t\t\t<\/div>\n\t\t\t\t<\/div>\n\t\t\t\t\t<\/div>\n\t\t<\/div>\n\t\t\t\t\t<\/div>\n\t\t<\/section>\n\t\t\t\t\t<\/div>\n\t\t<\/div>\n\t\t\t\t\t<\/div>\n\t\t<\/section>\n\t\t\t\t<section class=\"elementor-section elementor-top-section elementor-element elementor-element-e5a375a elementor-section-boxed elementor-section-height-default elementor-section-height-default wpr-particle-no wpr-jarallax-no wpr-parallax-no wpr-sticky-section-no\" data-id=\"e5a375a\" data-element_type=\"section\" data-e-type=\"section\">\n\t\t\t\t\t\t<div class=\"elementor-container elementor-column-gap-default\">\n\t\t\t\t\t<div class=\"elementor-column elementor-col-100 elementor-top-column elementor-element elementor-element-382d136\" data-id=\"382d136\" data-element_type=\"column\" data-e-type=\"column\">\n\t\t\t<div class=\"elementor-widget-wrap elementor-element-populated\">\n\t\t\t\t\t\t<div class=\"elementor-element elementor-element-51e50c5 elementor-widget elementor-widget-heading\" data-id=\"51e50c5\" data-element_type=\"widget\" data-e-type=\"widget\" data-widget_type=\"heading.default\">\n\t\t\t\t<div class=\"elementor-widget-container\">\n\t\t\t\t\t<h1 class=\"elementor-heading-title elementor-size-default\">Resumen de la edici\u00f3n<\/h1>\t\t\t\t<\/div>\n\t\t\t\t<\/div>\n\t\t\t\t<div class=\"elementor-element elementor-element-57be281 elementor-widget elementor-widget-video\" data-id=\"57be281\" data-element_type=\"widget\" data-e-type=\"widget\" data-settings=\"{&quot;video_type&quot;:&quot;vimeo&quot;}\" data-widget_type=\"video.default\">\n\t\t\t\t<div class=\"elementor-widget-container\">\n\t\t\t\t\t\t\t<div class=\"elementor-wrapper elementor-open-inline\">\n\t\t\t<iframe class=\"elementor-video-iframe\" allowfullscreen allow=\"clipboard-write\" title=\"Reproductor de v\u00eddeo vimeo\" src=\"https:\/\/player.vimeo.com\/video\/271801700?color&amp;autopause=0&amp;loop=0&amp;muted=0&amp;title=1&amp;portrait=1&amp;byline=1#t=\"><\/iframe>\t\t<\/div>\n\t\t\t\t\t\t<\/div>\n\t\t\t\t<\/div>\n\t\t\t\t<div class=\"elementor-element elementor-element-3dd7790 elementor-widget elementor-widget-spacer\" data-id=\"3dd7790\" data-element_type=\"widget\" data-e-type=\"widget\" data-widget_type=\"spacer.default\">\n\t\t\t\t<div class=\"elementor-widget-container\">\n\t\t\t\t\t\t\t<div class=\"elementor-spacer\">\n\t\t\t<div class=\"elementor-spacer-inner\"><\/div>\n\t\t<\/div>\n\t\t\t\t\t\t<\/div>\n\t\t\t\t<\/div>\n\t\t\t\t\t<\/div>\n\t\t<\/div>\n\t\t\t\t\t<\/div>\n\t\t<\/section>\n\t\t\t\t<\/div>\n\t\t","protected":false},"excerpt":{"rendered":"<p>Identidades Festival 2017 Con obras a tablero vuelto, residencias y seminarios se realiz\u00f3 Identidades Festival 2017 Con el mensaje claro que en pocos d\u00edas se hayan acabado las entradas dan cuenta que el p\u00fablico iba a responder\u2026 y as\u00ed fue. Con dos obras con gran cantidad de asistentes, junto con el gran inter\u00e9s en las residencias y seminarios fueron el puntapi\u00e9 inicial de la III Edici\u00f3n del IDENTIDADES Festival Internacional de Artes Esc\u00e9nicas en el Desierto de Atacama 2017, que se desarroll\u00f3 hasta el 21 de octubre, en Antofagasta, Mejillones y San Pedro de Atacama. Un encuentro que comenz\u00f3 con la participaci\u00f3n del gran actor Oscar Zimmermann, quien realiz\u00f3 sendas presentaciones tanto en Mejillones como en Antofagasta, teniendo adem\u00e1s un gran encuentro con estudiantes y profesionales ligados a las artes esc\u00e9nicas. Mientras que en la inauguraci\u00f3n, donde asistieron diversas autoridades regionales, invitados especiales de la regi\u00f3n y el pa\u00eds, adem\u00e1s de ni\u00f1os de campamentos de la capital regional, fue el turno de una de las compa\u00f1\u00edas m\u00e1s importantes de Latinoam\u00e9rica como es la agrupaci\u00f3n boliviana \u201cTeatro de los Andes\u201d, quienes presentaron una adaptaci\u00f3n de Hamlet que emocion\u00f3 a los asistentes. Para Alejandra Rojas, Directora Art\u00edstica del Festival, \u201ceste a\u00f1o es especial ya que completamos la trilog\u00eda de los pa\u00edses vecinos. Ya que en 2015 fue Per\u00fa con Yuyachkani, en 2016 con Argentina y Timbre 4, mientras que este a\u00f1o tenemos a nuestros hermanos bolivianos del Teatro de los Andes. Nuestra idea central es que el teatro une a las culturas y nos hace mirar el mundo desde otro lugar, sin fronteras\u2026\u201d. En la segunda semana, fue el turno de la pianista pascuense Mahani Teave, quien tuvo una incre\u00edble actuaci\u00f3n el jueves 12 de octubre en el Gimnasio Techado de San Pedro de Atacama (20:00) y el s\u00e1bado 14 de octubre en la Carpa Teatro Identidades (21:00 horas), junto con una orquesta infantil. Adem\u00e1s participaron la compa\u00f1\u00eda Teatro Cinema, que present\u00f3 para toda la familia la obra \u201cPinocchio\u201d el viernes 13 de octubre en la Carpa Teatro Identidades (21:00 horas). Video Promocional https:\/\/youtu.be\/u4LkamDWQxwhttps:\/\/vimeo.com\/228914021 Resumen de la edici\u00f3n<\/p>\n","protected":false},"author":1,"featured_media":0,"parent":0,"menu_order":0,"comment_status":"closed","ping_status":"closed","template":"elementor_canvas","meta":{"footnotes":""},"class_list":["post-1248","page","type-page","status-publish","hentry"],"_links":{"self":[{"href":"https:\/\/www.carpaidentidades.cl\/web\/wp-json\/wp\/v2\/pages\/1248","targetHints":{"allow":["GET"]}}],"collection":[{"href":"https:\/\/www.carpaidentidades.cl\/web\/wp-json\/wp\/v2\/pages"}],"about":[{"href":"https:\/\/www.carpaidentidades.cl\/web\/wp-json\/wp\/v2\/types\/page"}],"author":[{"embeddable":true,"href":"https:\/\/www.carpaidentidades.cl\/web\/wp-json\/wp\/v2\/users\/1"}],"replies":[{"embeddable":true,"href":"https:\/\/www.carpaidentidades.cl\/web\/wp-json\/wp\/v2\/comments?post=1248"}],"version-history":[{"count":16,"href":"https:\/\/www.carpaidentidades.cl\/web\/wp-json\/wp\/v2\/pages\/1248\/revisions"}],"predecessor-version":[{"id":1785,"href":"https:\/\/www.carpaidentidades.cl\/web\/wp-json\/wp\/v2\/pages\/1248\/revisions\/1785"}],"wp:attachment":[{"href":"https:\/\/www.carpaidentidades.cl\/web\/wp-json\/wp\/v2\/media?parent=1248"}],"curies":[{"name":"wp","href":"https:\/\/api.w.org\/{rel}","templated":true}]}}