{"id":1599,"date":"2024-06-17T13:00:18","date_gmt":"2024-06-17T17:00:18","guid":{"rendered":"https:\/\/www.carpaidentidades.cl\/web\/?page_id=1599"},"modified":"2024-09-23T17:40:00","modified_gmt":"2024-09-23T21:40:00","slug":"coproducciones","status":"publish","type":"page","link":"https:\/\/www.carpaidentidades.cl\/web\/coproducciones\/","title":{"rendered":"Coproducciones"},"content":{"rendered":"\t\t<div data-elementor-type=\"wp-page\" data-elementor-id=\"1599\" class=\"elementor elementor-1599\" data-elementor-post-type=\"page\">\n\t\t\t\t<div class=\"elementor-element elementor-element-8e45987 e-flex e-con-boxed wpr-particle-no wpr-jarallax-no wpr-parallax-no wpr-sticky-section-no e-con e-parent\" data-id=\"8e45987\" data-element_type=\"container\" data-e-type=\"container\" data-settings=\"{&quot;background_background&quot;:&quot;classic&quot;}\">\n\t\t\t\t\t<div class=\"e-con-inner\">\n\t\t\t\t<div class=\"elementor-element elementor-element-11fb86b elementor-widget elementor-widget-text-editor\" data-id=\"11fb86b\" data-element_type=\"widget\" data-e-type=\"widget\" data-widget_type=\"text-editor.default\">\n\t\t\t\t<div class=\"elementor-widget-container\">\n\t\t\t\t\t\t\t\t\t<p style=\"text-align: center;\">Coproducciones<\/p>\t\t\t\t\t\t\t\t<\/div>\n\t\t\t\t<\/div>\n\t\t\t\t\t<\/div>\n\t\t\t\t<\/div>\n\t\t<div class=\"elementor-element elementor-element-3b3e4ee e-flex e-con-boxed wpr-particle-no wpr-jarallax-no wpr-parallax-no wpr-sticky-section-no e-con e-parent\" data-id=\"3b3e4ee\" data-element_type=\"container\" data-e-type=\"container\">\n\t\t\t\t\t<div class=\"e-con-inner\">\n\t\t\t\t<div class=\"elementor-element elementor-element-788939b elementor-widget elementor-widget-spacer\" data-id=\"788939b\" data-element_type=\"widget\" data-e-type=\"widget\" data-widget_type=\"spacer.default\">\n\t\t\t\t<div class=\"elementor-widget-container\">\n\t\t\t\t\t\t\t<div class=\"elementor-spacer\">\n\t\t\t<div class=\"elementor-spacer-inner\"><\/div>\n\t\t<\/div>\n\t\t\t\t\t\t<\/div>\n\t\t\t\t<\/div>\n\t\t\t\t\t<\/div>\n\t\t\t\t<\/div>\n\t\t<div class=\"elementor-element elementor-element-ea26d08 e-flex e-con-boxed wpr-particle-no wpr-jarallax-no wpr-parallax-no wpr-sticky-section-no e-con e-parent\" data-id=\"ea26d08\" data-element_type=\"container\" data-e-type=\"container\">\n\t\t\t\t\t<div class=\"e-con-inner\">\n\t\t<div class=\"elementor-element elementor-element-a11f6e3 e-con-full e-flex wpr-particle-no wpr-jarallax-no wpr-parallax-no wpr-sticky-section-no e-con e-child\" data-id=\"a11f6e3\" data-element_type=\"container\" data-e-type=\"container\">\n\t\t\t\t<div class=\"elementor-element elementor-element-9cf2d9a elementor-widget elementor-widget-image\" data-id=\"9cf2d9a\" data-element_type=\"widget\" data-e-type=\"widget\" data-widget_type=\"image.default\">\n\t\t\t\t<div class=\"elementor-widget-container\">\n\t\t\t\t\t\t\t\t\t\t\t\t\t\t\t<img fetchpriority=\"high\" decoding=\"async\" width=\"1536\" height=\"1152\" src=\"https:\/\/www.carpaidentidades.cl\/web\/wp-content\/uploads\/2024\/09\/ckuri-1-1536x1152.png\" class=\"attachment-1536x1536 size-1536x1536 wp-image-2147\" alt=\"\" srcset=\"https:\/\/www.carpaidentidades.cl\/web\/wp-content\/uploads\/2024\/09\/ckuri-1-1536x1152.png 1536w, https:\/\/www.carpaidentidades.cl\/web\/wp-content\/uploads\/2024\/09\/ckuri-1-300x225.png 300w, https:\/\/www.carpaidentidades.cl\/web\/wp-content\/uploads\/2024\/09\/ckuri-1-1024x768.png 1024w, https:\/\/www.carpaidentidades.cl\/web\/wp-content\/uploads\/2024\/09\/ckuri-1-768x576.png 768w, https:\/\/www.carpaidentidades.cl\/web\/wp-content\/uploads\/2024\/09\/ckuri-1.png 2016w\" sizes=\"(max-width: 1536px) 100vw, 1536px\" \/>\t\t\t\t\t\t\t\t\t\t\t\t\t\t\t<\/div>\n\t\t\t\t<\/div>\n\t\t\t\t<\/div>\n\t\t<div class=\"elementor-element elementor-element-6c5faec e-con-full e-flex wpr-particle-no wpr-jarallax-no wpr-parallax-no wpr-sticky-section-no e-con e-child\" data-id=\"6c5faec\" data-element_type=\"container\" data-e-type=\"container\">\n\t\t\t\t<div class=\"elementor-element elementor-element-efaad1b elementor-widget elementor-widget-heading\" data-id=\"efaad1b\" data-element_type=\"widget\" data-e-type=\"widget\" data-widget_type=\"heading.default\">\n\t\t\t\t<div class=\"elementor-widget-container\">\n\t\t\t\t\t<h2 class=\"elementor-heading-title elementor-size-default\">Ckuri en Residencia, con La Huella Teatro (Antofagasta)<\/h2>\t\t\t\t<\/div>\n\t\t\t\t<\/div>\n\t\t<div class=\"elementor-element elementor-element-894a2e0 e-con-full e-flex wpr-particle-no wpr-jarallax-no wpr-parallax-no wpr-sticky-section-no e-con e-child\" data-id=\"894a2e0\" data-element_type=\"container\" data-e-type=\"container\">\n\t\t\t\t<div class=\"elementor-element elementor-element-b6bc54c elementor-view-default elementor-widget elementor-widget-icon\" data-id=\"b6bc54c\" data-element_type=\"widget\" data-e-type=\"widget\" data-widget_type=\"icon.default\">\n\t\t\t\t<div class=\"elementor-widget-container\">\n\t\t\t\t\t\t\t<div class=\"elementor-icon-wrapper\">\n\t\t\t<div class=\"elementor-icon\">\n\t\t\t<svg aria-hidden=\"true\" class=\"e-font-icon-svg e-far-calendar-check\" viewBox=\"0 0 448 512\" xmlns=\"http:\/\/www.w3.org\/2000\/svg\"><path d=\"M400 64h-48V12c0-6.627-5.373-12-12-12h-40c-6.627 0-12 5.373-12 12v52H160V12c0-6.627-5.373-12-12-12h-40c-6.627 0-12 5.373-12 12v52H48C21.49 64 0 85.49 0 112v352c0 26.51 21.49 48 48 48h352c26.51 0 48-21.49 48-48V112c0-26.51-21.49-48-48-48zm-6 400H54a6 6 0 0 1-6-6V160h352v298a6 6 0 0 1-6 6zm-52.849-200.65L198.842 404.519c-4.705 4.667-12.303 4.637-16.971-.068l-75.091-75.699c-4.667-4.705-4.637-12.303.068-16.971l22.719-22.536c4.705-4.667 12.303-4.637 16.97.069l44.104 44.461 111.072-110.181c4.705-4.667 12.303-4.637 16.971.068l22.536 22.718c4.667 4.705 4.636 12.303-.069 16.97z\"><\/path><\/svg>\t\t\t<\/div>\n\t\t<\/div>\n\t\t\t\t\t\t<\/div>\n\t\t\t\t<\/div>\n\t\t\t\t<div class=\"elementor-element elementor-element-f0e2f0b elementor-widget elementor-widget-heading\" data-id=\"f0e2f0b\" data-element_type=\"widget\" data-e-type=\"widget\" data-widget_type=\"heading.default\">\n\t\t\t\t<div class=\"elementor-widget-container\">\n\t\t\t\t\t<h2 class=\"elementor-heading-title elementor-size-default\">23 al 26 de Septiembre<\/h2>\t\t\t\t<\/div>\n\t\t\t\t<\/div>\n\t\t\t\t<\/div>\n\t\t\t\t<div class=\"elementor-element elementor-element-aa5d632 elementor-widget elementor-widget-text-editor\" data-id=\"aa5d632\" data-element_type=\"widget\" data-e-type=\"widget\" data-widget_type=\"text-editor.default\">\n\t\t\t\t<div class=\"elementor-widget-container\">\n\t\t\t\t\t\t\t\t\t<p><strong>Ckuri en Residencia:<\/strong><\/p><p>Buscamos despertar la memoria local y descubrir la identidad de cada participante en relaci\u00f3n con su entorno.<\/p><p>Exploraremos elementos sonoros, m\u00e1gicos y r\u00edtmicos para crear un material esc\u00e9nico que contribuir\u00e1 al espect\u00e1culo de pasacalle y a la reflexi\u00f3n de los int\u00e9rpretes sobre su realidad.<\/p><p>Esta residencia esc\u00e9nica invita a la comunidad art\u00edstica de Antofagasta a participar en una semana intensiva de trabajo.<\/p><p><strong>Fecha<\/strong><\/p><p>Semana del 23 al 26 de Septiembre.<\/p>\t\t\t\t\t\t\t\t<\/div>\n\t\t\t\t<\/div>\n\t\t\t\t<div class=\"elementor-element elementor-element-af83d7c elementor-align-right elementor-hidden-desktop elementor-hidden-tablet elementor-hidden-mobile elementor-widget elementor-widget-button\" data-id=\"af83d7c\" data-element_type=\"widget\" data-e-type=\"widget\" data-widget_type=\"button.default\">\n\t\t\t\t<div class=\"elementor-widget-container\">\n\t\t\t\t\t\t\t\t\t<div class=\"elementor-button-wrapper\">\n\t\t\t\t\t<a class=\"elementor-button elementor-button-link elementor-size-sm elementor-animation-grow\" href=\"https:\/\/www.carpaidentidades.cl\/web\/inscripcion_coproduccion\">\n\t\t\t\t\t\t<span class=\"elementor-button-content-wrapper\">\n\t\t\t\t\t\t\t\t\t<span class=\"elementor-button-text\">INSCRIBETE AQU\u00cd<\/span>\n\t\t\t\t\t<\/span>\n\t\t\t\t\t<\/a>\n\t\t\t\t<\/div>\n\t\t\t\t\t\t\t\t<\/div>\n\t\t\t\t<\/div>\n\t\t\t\t<\/div>\n\t\t\t\t\t<\/div>\n\t\t\t\t<\/div>\n\t\t<div class=\"elementor-element elementor-element-9883015 e-flex e-con-boxed wpr-particle-no wpr-jarallax-no wpr-parallax-no wpr-sticky-section-no e-con e-parent\" data-id=\"9883015\" data-element_type=\"container\" data-e-type=\"container\">\n\t\t\t\t\t<div class=\"e-con-inner\">\n\t\t\t\t<div class=\"elementor-element elementor-element-42b2776 elementor-widget-divider--view-line elementor-widget elementor-widget-divider\" data-id=\"42b2776\" data-element_type=\"widget\" data-e-type=\"widget\" data-widget_type=\"divider.default\">\n\t\t\t\t<div class=\"elementor-widget-container\">\n\t\t\t\t\t\t\t<div class=\"elementor-divider\">\n\t\t\t<span class=\"elementor-divider-separator\">\n\t\t\t\t\t\t<\/span>\n\t\t<\/div>\n\t\t\t\t\t\t<\/div>\n\t\t\t\t<\/div>\n\t\t\t\t\t<\/div>\n\t\t\t\t<\/div>\n\t\t<div class=\"elementor-element elementor-element-650e194 elementor-hidden-desktop elementor-hidden-tablet elementor-hidden-mobile e-flex e-con-boxed wpr-particle-no wpr-jarallax-no wpr-parallax-no wpr-sticky-section-no e-con e-parent\" data-id=\"650e194\" data-element_type=\"container\" data-e-type=\"container\">\n\t\t\t\t\t<div class=\"e-con-inner\">\n\t\t<div class=\"elementor-element elementor-element-0c97a94 e-con-full e-flex wpr-particle-no wpr-jarallax-no wpr-parallax-no wpr-sticky-section-no e-con e-child\" data-id=\"0c97a94\" data-element_type=\"container\" data-e-type=\"container\">\n\t\t\t\t<div class=\"elementor-element elementor-element-2ceb4c8 elementor-widget elementor-widget-image\" data-id=\"2ceb4c8\" data-element_type=\"widget\" data-e-type=\"widget\" data-widget_type=\"image.default\">\n\t\t\t\t<div class=\"elementor-widget-container\">\n\t\t\t\t\t\t\t\t\t\t\t\t\t\t\t<img decoding=\"async\" width=\"1536\" height=\"1357\" src=\"https:\/\/www.carpaidentidades.cl\/web\/wp-content\/uploads\/2024\/09\/0-16-1536x1357.jpg\" class=\"attachment-1536x1536 size-1536x1536 wp-image-2287\" alt=\"\" srcset=\"https:\/\/www.carpaidentidades.cl\/web\/wp-content\/uploads\/2024\/09\/0-16-1536x1357.jpg 1536w, https:\/\/www.carpaidentidades.cl\/web\/wp-content\/uploads\/2024\/09\/0-16-300x265.jpg 300w, https:\/\/www.carpaidentidades.cl\/web\/wp-content\/uploads\/2024\/09\/0-16-1024x904.jpg 1024w, https:\/\/www.carpaidentidades.cl\/web\/wp-content\/uploads\/2024\/09\/0-16-768x678.jpg 768w, https:\/\/www.carpaidentidades.cl\/web\/wp-content\/uploads\/2024\/09\/0-16-2048x1809.jpg 2048w\" sizes=\"(max-width: 1536px) 100vw, 1536px\" \/>\t\t\t\t\t\t\t\t\t\t\t\t\t\t\t<\/div>\n\t\t\t\t<\/div>\n\t\t\t\t<\/div>\n\t\t<div class=\"elementor-element elementor-element-7dcb3eb e-con-full e-flex wpr-particle-no wpr-jarallax-no wpr-parallax-no wpr-sticky-section-no e-con e-child\" data-id=\"7dcb3eb\" data-element_type=\"container\" data-e-type=\"container\">\n\t\t\t\t<div class=\"elementor-element elementor-element-bbf011d elementor-widget elementor-widget-heading\" data-id=\"bbf011d\" data-element_type=\"widget\" data-e-type=\"widget\" data-widget_type=\"heading.default\">\n\t\t\t\t<div class=\"elementor-widget-container\">\n\t\t\t\t\t<h2 class=\"elementor-heading-title elementor-size-default\">Expo de M\u00e1scaras, con Manuel Vernal (Antofagasta)<\/h2>\t\t\t\t<\/div>\n\t\t\t\t<\/div>\n\t\t<div class=\"elementor-element elementor-element-505b592 e-con-full e-flex wpr-particle-no wpr-jarallax-no wpr-parallax-no wpr-sticky-section-no e-con e-child\" data-id=\"505b592\" data-element_type=\"container\" data-e-type=\"container\">\n\t\t\t\t<div class=\"elementor-element elementor-element-f51d863 elementor-view-default elementor-widget elementor-widget-icon\" data-id=\"f51d863\" data-element_type=\"widget\" data-e-type=\"widget\" data-widget_type=\"icon.default\">\n\t\t\t\t<div class=\"elementor-widget-container\">\n\t\t\t\t\t\t\t<div class=\"elementor-icon-wrapper\">\n\t\t\t<div class=\"elementor-icon\">\n\t\t\t<svg aria-hidden=\"true\" class=\"e-font-icon-svg e-far-calendar-check\" viewBox=\"0 0 448 512\" xmlns=\"http:\/\/www.w3.org\/2000\/svg\"><path d=\"M400 64h-48V12c0-6.627-5.373-12-12-12h-40c-6.627 0-12 5.373-12 12v52H160V12c0-6.627-5.373-12-12-12h-40c-6.627 0-12 5.373-12 12v52H48C21.49 64 0 85.49 0 112v352c0 26.51 21.49 48 48 48h352c26.51 0 48-21.49 48-48V112c0-26.51-21.49-48-48-48zm-6 400H54a6 6 0 0 1-6-6V160h352v298a6 6 0 0 1-6 6zm-52.849-200.65L198.842 404.519c-4.705 4.667-12.303 4.637-16.971-.068l-75.091-75.699c-4.667-4.705-4.637-12.303.068-16.971l22.719-22.536c4.705-4.667 12.303-4.637 16.97.069l44.104 44.461 111.072-110.181c4.705-4.667 12.303-4.637 16.971.068l22.536 22.718c4.667 4.705 4.636 12.303-.069 16.97z\"><\/path><\/svg>\t\t\t<\/div>\n\t\t<\/div>\n\t\t\t\t\t\t<\/div>\n\t\t\t\t<\/div>\n\t\t\t\t<div class=\"elementor-element elementor-element-ceb130d elementor-widget elementor-widget-heading\" data-id=\"ceb130d\" data-element_type=\"widget\" data-e-type=\"widget\" data-widget_type=\"heading.default\">\n\t\t\t\t<div class=\"elementor-widget-container\">\n\t\t\t\t\t<h2 class=\"elementor-heading-title elementor-size-default\">S\u00e1bado 05 de Octubre<\/h2>\t\t\t\t<\/div>\n\t\t\t\t<\/div>\n\t\t\t\t<\/div>\n\t\t\t\t<div class=\"elementor-element elementor-element-2aca4e9 elementor-widget elementor-widget-text-editor\" data-id=\"2aca4e9\" data-element_type=\"widget\" data-e-type=\"widget\" data-widget_type=\"text-editor.default\">\n\t\t\t\t<div class=\"elementor-widget-container\">\n\t\t\t\t\t\t\t\t\t<p><strong>\u00a0<\/strong>El arquitecto y artesano Manuel Vernal, compartir\u00e1 sus m\u00e1s de 30 a\u00f1os de oficio en las artes tradicionales, con \u00e9nfasis en la mascarer\u00eda, a trav\u00e9s de una exposici\u00f3n de m\u00e1scaras dise\u00f1adas y elaboradas especialmente para la celebraci\u00f3n de la X edici\u00f3n de Identidades Festival.<\/p><p>En mascarer\u00eda, Vernal se inici\u00f3 de manera intuitiva, reparando m\u00e1scaras de lata. Luego conoci\u00f3 los talleres en Oruro de maestros bolivianos, aprendiendo algunos detalles de su magn\u00edfica obra. M\u00e1s tarde incursion\u00f3 en fibra de vidrio y finalmente lleg\u00f3 al papel encolado, en una \u201creversi\u00f3n\u201d de la t\u00e9cnica original, desarrollando variados tipos de m\u00e1scaras de distintas aplicaciones tanto tradicionales como ornamentales para teatro y cine.<\/p>\t\t\t\t\t\t\t\t<\/div>\n\t\t\t\t<\/div>\n\t\t\t\t<div class=\"elementor-element elementor-element-08f3af7 elementor-widget elementor-widget-text-editor\" data-id=\"08f3af7\" data-element_type=\"widget\" data-e-type=\"widget\" data-widget_type=\"text-editor.default\">\n\t\t\t\t<div class=\"elementor-widget-container\">\n\t\t\t\t\t\t\t\t\t<p><strong>Inauguraci\u00f3n Antofagasta:<\/strong> s\u00e1bado 05 de octubre, 19.30 horas en la Ruinas de Huanchaca.<\/p><p><strong>Inauguraci\u00f3n San Pedro de Atacama:<\/strong> Martes 08 de octubre, 18.00 horas en Fundaci\u00f3n Minera Escondida.<\/p>\t\t\t\t\t\t\t\t<\/div>\n\t\t\t\t<\/div>\n\t\t\t\t<\/div>\n\t\t\t\t\t<\/div>\n\t\t\t\t<\/div>\n\t\t<div class=\"elementor-element elementor-element-46c37af elementor-hidden-desktop elementor-hidden-tablet elementor-hidden-mobile e-flex e-con-boxed wpr-particle-no wpr-jarallax-no wpr-parallax-no wpr-sticky-section-no e-con e-parent\" data-id=\"46c37af\" data-element_type=\"container\" data-e-type=\"container\">\n\t\t\t\t\t<div class=\"e-con-inner\">\n\t\t\t\t<div class=\"elementor-element elementor-element-1febe18 elementor-widget-divider--view-line elementor-widget elementor-widget-divider\" data-id=\"1febe18\" data-element_type=\"widget\" data-e-type=\"widget\" data-widget_type=\"divider.default\">\n\t\t\t\t<div class=\"elementor-widget-container\">\n\t\t\t\t\t\t\t<div class=\"elementor-divider\">\n\t\t\t<span class=\"elementor-divider-separator\">\n\t\t\t\t\t\t<\/span>\n\t\t<\/div>\n\t\t\t\t\t\t<\/div>\n\t\t\t\t<\/div>\n\t\t\t\t\t<\/div>\n\t\t\t\t<\/div>\n\t\t<div class=\"elementor-element elementor-element-290d55a e-flex e-con-boxed wpr-particle-no wpr-jarallax-no wpr-parallax-no wpr-sticky-section-no e-con e-parent\" data-id=\"290d55a\" data-element_type=\"container\" data-e-type=\"container\">\n\t\t\t\t\t<div class=\"e-con-inner\">\n\t\t\t\t<div class=\"elementor-element elementor-element-a0a9a8b elementor-widget-divider--view-line elementor-widget elementor-widget-divider\" data-id=\"a0a9a8b\" data-element_type=\"widget\" data-e-type=\"widget\" data-widget_type=\"divider.default\">\n\t\t\t\t<div class=\"elementor-widget-container\">\n\t\t\t\t\t\t\t<div class=\"elementor-divider\">\n\t\t\t<span class=\"elementor-divider-separator\">\n\t\t\t\t\t\t<\/span>\n\t\t<\/div>\n\t\t\t\t\t\t<\/div>\n\t\t\t\t<\/div>\n\t\t\t\t\t<\/div>\n\t\t\t\t<\/div>\n\t\t\t\t<\/div>\n\t\t","protected":false},"excerpt":{"rendered":"<p>Coproducciones Ckuri en Residencia, con La Huella Teatro (Antofagasta) 23 al 26 de Septiembre Ckuri en Residencia: Buscamos despertar la memoria local y descubrir la identidad de cada participante en relaci\u00f3n con su entorno. Exploraremos elementos sonoros, m\u00e1gicos y r\u00edtmicos para crear un material esc\u00e9nico que contribuir\u00e1 al espect\u00e1culo de pasacalle y a la reflexi\u00f3n de los int\u00e9rpretes sobre su realidad. Esta residencia esc\u00e9nica invita a la comunidad art\u00edstica de Antofagasta a participar en una semana intensiva de trabajo. Fecha Semana del 23 al 26 de Septiembre. INSCRIBETE AQU\u00cd Expo de M\u00e1scaras, con Manuel Vernal (Antofagasta) S\u00e1bado 05 de Octubre \u00a0El arquitecto y artesano Manuel Vernal, compartir\u00e1 sus m\u00e1s de 30 a\u00f1os de oficio en las artes tradicionales, con \u00e9nfasis en la mascarer\u00eda, a trav\u00e9s de una exposici\u00f3n de m\u00e1scaras dise\u00f1adas y elaboradas especialmente para la celebraci\u00f3n de la X edici\u00f3n de Identidades Festival. En mascarer\u00eda, Vernal se inici\u00f3 de manera intuitiva, reparando m\u00e1scaras de lata. Luego conoci\u00f3 los talleres en Oruro de maestros bolivianos, aprendiendo algunos detalles de su magn\u00edfica obra. M\u00e1s tarde incursion\u00f3 en fibra de vidrio y finalmente lleg\u00f3 al papel encolado, en una \u201creversi\u00f3n\u201d de la t\u00e9cnica original, desarrollando variados tipos de m\u00e1scaras de distintas aplicaciones tanto tradicionales como ornamentales para teatro y cine. Inauguraci\u00f3n Antofagasta: s\u00e1bado 05 de octubre, 19.30 horas en la Ruinas de Huanchaca. Inauguraci\u00f3n San Pedro de Atacama: Martes 08 de octubre, 18.00 horas en Fundaci\u00f3n Minera Escondida.<\/p>\n","protected":false},"author":1,"featured_media":0,"parent":0,"menu_order":0,"comment_status":"closed","ping_status":"closed","template":"elementor_canvas","meta":{"footnotes":""},"class_list":["post-1599","page","type-page","status-publish","hentry"],"_links":{"self":[{"href":"https:\/\/www.carpaidentidades.cl\/web\/wp-json\/wp\/v2\/pages\/1599","targetHints":{"allow":["GET"]}}],"collection":[{"href":"https:\/\/www.carpaidentidades.cl\/web\/wp-json\/wp\/v2\/pages"}],"about":[{"href":"https:\/\/www.carpaidentidades.cl\/web\/wp-json\/wp\/v2\/types\/page"}],"author":[{"embeddable":true,"href":"https:\/\/www.carpaidentidades.cl\/web\/wp-json\/wp\/v2\/users\/1"}],"replies":[{"embeddable":true,"href":"https:\/\/www.carpaidentidades.cl\/web\/wp-json\/wp\/v2\/comments?post=1599"}],"version-history":[{"count":64,"href":"https:\/\/www.carpaidentidades.cl\/web\/wp-json\/wp\/v2\/pages\/1599\/revisions"}],"predecessor-version":[{"id":2290,"href":"https:\/\/www.carpaidentidades.cl\/web\/wp-json\/wp\/v2\/pages\/1599\/revisions\/2290"}],"wp:attachment":[{"href":"https:\/\/www.carpaidentidades.cl\/web\/wp-json\/wp\/v2\/media?parent=1599"}],"curies":[{"name":"wp","href":"https:\/\/api.w.org\/{rel}","templated":true}]}}